{"id":175,"date":"2021-01-29T23:29:35","date_gmt":"2021-01-29T22:29:35","guid":{"rendered":"http:\/\/www.1pasdeplus.fr\/?page_id=175"},"modified":"2024-06-09T10:03:52","modified_gmt":"2024-06-09T08:03:52","slug":"175-2","status":"publish","type":"page","link":"https:\/\/www.1pasdeplus.fr\/index.php\/175-2\/","title":{"rendered":"COACHING"},"content":{"rendered":"<p>[et_pb_section fb_built=\u00a0\u00bb1&Prime; admin_label=\u00a0\u00bbServices\u00a0\u00bb _builder_version=\u00a0\u00bb4.16&Prime; min_height=\u00a0\u00bb173.4px\u00a0\u00bb custom_margin=\u00a0\u00bb-3px||-5px|||\u00a0\u00bb custom_padding=\u00a0\u00bb4px||0px|||\u00a0\u00bb locked=\u00a0\u00bboff\u00a0\u00bb global_colors_info=\u00a0\u00bb{}\u00a0\u00bb][et_pb_row _builder_version=\u00a0\u00bb4.16&Prime; custom_margin=\u00a0\u00bb|auto|10px|auto||\u00a0\u00bb global_colors_info=\u00a0\u00bb{}\u00a0\u00bb][et_pb_column type=\u00a0\u00bb4_4&Prime; _builder_version=\u00a0\u00bb4.16&Prime; custom_padding=\u00a0\u00bb|||\u00a0\u00bb global_colors_info=\u00a0\u00bb{}\u00a0\u00bb custom_padding__hover=\u00a0\u00bb|||\u00a0\u00bb][et_pb_text _builder_version=\u00a0\u00bb4.16&Prime; text_font=\u00a0\u00bb||||||||\u00a0\u00bb text_font_size=\u00a0\u00bb16px\u00a0\u00bb text_line_height=\u00a0\u00bb1.9em\u00a0\u00bb header_font=\u00a0\u00bb||||||||\u00a0\u00bb header_2_font=\u00a0\u00bbPlayfair Display|700|||||||\u00a0\u00bb header_2_font_size=\u00a0\u00bb40px\u00a0\u00bb header_2_line_height=\u00a0\u00bb1.5em\u00a0\u00bb header_6_font=\u00a0\u00bb||||||||\u00a0\u00bb text_orientation=\u00a0\u00bbcenter\u00a0\u00bb max_width=\u00a0\u00bb972px\u00a0\u00bb max_width_last_edited=\u00a0\u00bboff|desktop\u00a0\u00bb module_alignment=\u00a0\u00bbcenter\u00a0\u00bb custom_margin=\u00a0\u00bb|||\u00a0\u00bb custom_padding=\u00a0\u00bb|||\u00a0\u00bb header_2_font_size_tablet=\u00a0\u00bb30px\u00a0\u00bb header_2_font_size_phone=\u00a0\u00bb24px\u00a0\u00bb header_2_font_size_last_edited=\u00a0\u00bbon|phone\u00a0\u00bb locked=\u00a0\u00bboff\u00a0\u00bb global_colors_info=\u00a0\u00bb{}\u00a0\u00bb]<\/p>\n<h2><span style=\"color: #0c54c9;\">Le coaching Professionnel<\/span><\/h2>\n<h3><span style=\"font-size: large;\"><strong>D\u00e8s lors que vous \u00e9prouvez le besoin d\u2019\u00eatre accompagn\u00e9(e) ou \u00e9paul\u00e9(e) dans une r\u00e9flexion ou une action s\u2019inscrivant dans une dynamique de changement professionnel ou personnel, consultez un\u00a0coach certifi\u00e9\u00a0!<\/strong><\/span><\/h3>\n<p>[\/et_pb_text][\/et_pb_column][\/et_pb_row][et_pb_row column_structure=\u00a0\u00bb2_5,3_5&Prime; _builder_version=\u00a0\u00bb4.17.6&Prime; _module_preset=\u00a0\u00bbdefault\u00a0\u00bb global_colors_info=\u00a0\u00bb{}\u00a0\u00bb][et_pb_column type=\u00a0\u00bb2_5&Prime; _builder_version=\u00a0\u00bb4.17.6&Prime; _module_preset=\u00a0\u00bbdefault\u00a0\u00bb global_colors_info=\u00a0\u00bb{}\u00a0\u00bb][et_pb_image src=\u00a0\u00bbhttps:\/\/www.1pasdeplus.fr\/wp-content\/uploads\/2024\/06\/V4_Fevrier24_LOGO-scaled.jpg\u00a0\u00bb title_text=\u00a0\u00bbV4_Fevrier24_LOGO\u00a0\u00bb align=\u00a0\u00bbcenter\u00a0\u00bb _builder_version=\u00a0\u00bb4.17.6&Prime; _module_preset=\u00a0\u00bbdefault\u00a0\u00bb width=\u00a0\u00bb50%\u00a0\u00bb global_colors_info=\u00a0\u00bb{}\u00a0\u00bb][\/et_pb_image][\/et_pb_column][et_pb_column type=\u00a0\u00bb3_5&Prime; _builder_version=\u00a0\u00bb4.17.6&Prime; _module_preset=\u00a0\u00bbdefault\u00a0\u00bb global_colors_info=\u00a0\u00bb{}\u00a0\u00bb][et_pb_text _builder_version=\u00a0\u00bb4.17.6&Prime; _module_preset=\u00a0\u00bbdefault\u00a0\u00bb global_colors_info=\u00a0\u00bb{}\u00a0\u00bb]<\/p>\n<h2 class=\"et_pb_module_header\" style=\"text-align: center;\">Coaching<\/h2>\n<h2 style=\"text-align: center;\"><span class=\"et_pb_fullwidth_header_subhead\">Franchir une \u00e9tape, Aller plus loin<\/span><\/h2>\n<p>&nbsp;<\/p>\n<p>Je suis dip\u00f4m\u00e9 d&rsquo;un <strong>Master 2 \u00ab\u00a0Ing\u00e9nierie et fonctions d\u2019accompagnement\u00a0\u00bb<\/strong> obtenu en 2018 avec \u00ab Mention Bien \u00bb \u00e0 l\u2019universit\u00e9 de Tours.<\/p>\n<p>En 2020 je compl\u00e8te ma formation th\u00e9orique et valide une\u00a0<strong>certification RNCP de coach professionnel.<\/strong><\/p>\n<p>[\/et_pb_text][\/et_pb_column][\/et_pb_row][et_pb_row _builder_version=\u00a0\u00bb4.17.6&Prime; _module_preset=\u00a0\u00bbdefault\u00a0\u00bb column_structure=\u00a0\u00bb1_2,1_2&Prime;][et_pb_column _builder_version=\u00a0\u00bb4.17.6&Prime; _module_preset=\u00a0\u00bbdefault\u00a0\u00bb type=\u00a0\u00bb1_2&Prime;][et_pb_image _builder_version=\u00a0\u00bb4.17.6&Prime; _module_preset=\u00a0\u00bbdefault\u00a0\u00bb title_text=\u00a0\u00bbMASTER_IFAC_2018&Prime; hover_enabled=\u00a0\u00bb0&Prime; sticky_enabled=\u00a0\u00bb0&Prime; custom_padding=\u00a0\u00bb||0px|||\u00a0\u00bb align=\u00a0\u00bbcenter\u00a0\u00bb box_shadow_style=\u00a0\u00bbpreset2&Prime; src=\u00a0\u00bbhttps:\/\/www.1pasdeplus.fr\/wp-content\/uploads\/2024\/06\/MASTER_IFAC_2018.jpg\u00a0\u00bb][\/et_pb_image][\/et_pb_column][et_pb_column _builder_version=\u00a0\u00bb4.17.6&Prime; _module_preset=\u00a0\u00bbdefault\u00a0\u00bb type=\u00a0\u00bb1_2&Prime;][et_pb_image src=\u00a0\u00bbhttps:\/\/www.1pasdeplus.fr\/wp-content\/uploads\/2024\/06\/CERTIFICAT_COACH-1.jpg\u00a0\u00bb _builder_version=\u00a0\u00bb4.17.6&Prime; _module_preset=\u00a0\u00bbdefault\u00a0\u00bb title_text=\u00a0\u00bbCERTIFICAT_COACH\u00a0\u00bb hover_enabled=\u00a0\u00bb0&Prime; sticky_enabled=\u00a0\u00bb0&Prime; box_shadow_style=\u00a0\u00bbpreset2&Prime; align=\u00a0\u00bbcenter\u00a0\u00bb][\/et_pb_image][\/et_pb_column][\/et_pb_row][\/et_pb_section][et_pb_section fb_built=\u00a0\u00bb1&Prime; admin_label=\u00a0\u00bbAbout\u00a0\u00bb _builder_version=\u00a0\u00bb4.16&Prime; use_background_color_gradient=\u00a0\u00bbon\u00a0\u00bb background_color_gradient_direction=\u00a0\u00bb90deg\u00a0\u00bb background_color_gradient_stops=\u00a0\u00bbrgba(240,242,246,0.5) 0%|rgba(255,255,255,0) 100%\u00a0\u00bb background_color_gradient_start=\u00a0\u00bbrgba(240,242,246,0.5)\u00a0\u00bb background_color_gradient_end=\u00a0\u00bbrgba(255,255,255,0)\u00a0\u00bb custom_margin=\u00a0\u00bb7px||1px|||\u00a0\u00bb custom_padding=\u00a0\u00bb0px|0px|0|0px|false|false\u00a0\u00bb global_colors_info=\u00a0\u00bb{}\u00a0\u00bb][et_pb_row column_structure=\u00a0\u00bb1_3,1_3,1_3&Prime; _builder_version=\u00a0\u00bb4.16&Prime; _module_preset=\u00a0\u00bbdefault\u00a0\u00bb global_colors_info=\u00a0\u00bb{}\u00a0\u00bb custom_margin=\u00a0\u00bb-9px|auto||auto||\u00a0\u00bb custom_padding=\u00a0\u00bb20px|||||\u00a0\u00bb][et_pb_column type=\u00a0\u00bb1_3&Prime; _builder_version=\u00a0\u00bb4.16&Prime; _module_preset=\u00a0\u00bbdefault\u00a0\u00bb global_colors_info=\u00a0\u00bb{}\u00a0\u00bb][et_pb_text _builder_version=\u00a0\u00bb4.16&Prime; _module_preset=\u00a0\u00bbdefault\u00a0\u00bb text_font=\u00a0\u00bb||||||||\u00a0\u00bb text_font_size=\u00a0\u00bb20px\u00a0\u00bb text_line_height=\u00a0\u00bb1.8em\u00a0\u00bb text_orientation=\u00a0\u00bbjustified\u00a0\u00bb custom_margin=\u00a0\u00bb|-1px|4px||false|false\u00a0\u00bb custom_padding=\u00a0\u00bb10px|10px|10px|10px|false|false\u00a0\u00bb box_shadow_style=\u00a0\u00bbpreset2&Prime; global_colors_info=\u00a0\u00bb{}\u00a0\u00bb]<\/p>\n<p>Le\u00a0coaching\u00a0vous fait prendre du recul et vous permet de voir votre situation sous un angle nouveau, et donc d&rsquo;envisager de nouvelles solutions \u00e0 vos probl\u00e9matiques. Vous allez donc apprendre \u00e0 faire certaines choses diff\u00e9remment.<\/p>\n<p>[\/et_pb_text][\/et_pb_column][et_pb_column type=\u00a0\u00bb1_3&Prime; _builder_version=\u00a0\u00bb4.16&Prime; _module_preset=\u00a0\u00bbdefault\u00a0\u00bb global_colors_info=\u00a0\u00bb{}\u00a0\u00bb][et_pb_text _builder_version=\u00a0\u00bb4.16&Prime; _module_preset=\u00a0\u00bbdefault\u00a0\u00bb text_font_size=\u00a0\u00bb20px\u00a0\u00bb text_line_height=\u00a0\u00bb1.8em\u00a0\u00bb custom_padding=\u00a0\u00bb10px|10px|10px|10px|false|false\u00a0\u00bb box_shadow_style=\u00a0\u00bbpreset1&Prime; global_colors_info=\u00a0\u00bb{}\u00a0\u00bb]<\/p>\n<p style=\"text-align: justify;\"><span>Le r\u00f4le du\u00a0<\/span><b>coach professionnel<\/b><span>\u00a0consiste \u00e0 accompagner une personne, une \u00e9quipe ou une organisation pendant une p\u00e9riode bien d\u00e9finie. Il l&rsquo;aide \u00e0 \u00e9voluer vers son objectif, sans d\u00e9cider \u00e0 sa place. C&rsquo;est un facilitateur.<\/span><\/p>\n<p>[\/et_pb_text][et_pb_text _builder_version=\u00a0\u00bb4.17.6&Prime; _module_preset=\u00a0\u00bbdefault\u00a0\u00bb global_colors_info=\u00a0\u00bb{}\u00a0\u00bb]<\/p>\n<h2 class=\"et_pb_module_header\" style=\"text-align: center;\">Coaching<\/h2>\n<h2 style=\"text-align: center;\"><span class=\"et_pb_fullwidth_header_subhead\">Franchir une \u00e9tape, Aller plus loin<\/span><\/h2>\n<p>[\/et_pb_text][\/et_pb_column][et_pb_column type=\u00a0\u00bb1_3&Prime; _builder_version=\u00a0\u00bb4.16&Prime; _module_preset=\u00a0\u00bbdefault\u00a0\u00bb global_colors_info=\u00a0\u00bb{}\u00a0\u00bb][et_pb_text _builder_version=\u00a0\u00bb4.16&Prime; _module_preset=\u00a0\u00bbdefault\u00a0\u00bb text_font_size=\u00a0\u00bb20px\u00a0\u00bb text_line_height=\u00a0\u00bb1.8em\u00a0\u00bb custom_padding=\u00a0\u00bb10px|10px|10px|10px|false|false\u00a0\u00bb box_shadow_style=\u00a0\u00bbpreset1&Prime; global_colors_info=\u00a0\u00bb{}\u00a0\u00bb]<\/p>\n<p style=\"text-align: justify;\"><span>Le coaching professionnel est une\u00a0<\/span><strong>aide<\/strong><span>\u00a0efficace \u00e0 travers une intervention ponctuelle ou un accompagnement dans la dur\u00e9e, vous permettant de\u00a0<\/span><strong>trouver et construire vos propres solutions<\/strong><span>\u00a0aux probl\u00e8mes auxquels vous \u00eates confront\u00e9s.<\/span><\/p>\n<p>[\/et_pb_text][\/et_pb_column][\/et_pb_row][et_pb_row column_structure=\u00a0\u00bb1_2,1_2&Prime; _builder_version=\u00a0\u00bb4.16&Prime; _module_preset=\u00a0\u00bbdefault\u00a0\u00bb custom_padding=\u00a0\u00bb0px||5px|||\u00a0\u00bb global_colors_info=\u00a0\u00bb{}\u00a0\u00bb][et_pb_column type=\u00a0\u00bb1_2&Prime; _builder_version=\u00a0\u00bb4.16&Prime; _module_preset=\u00a0\u00bbdefault\u00a0\u00bb global_colors_info=\u00a0\u00bb{}\u00a0\u00bb][et_pb_text _builder_version=\u00a0\u00bb4.16&Prime; _module_preset=\u00a0\u00bbdefault\u00a0\u00bb text_font_size=\u00a0\u00bb20px\u00a0\u00bb text_line_height=\u00a0\u00bb1.8em\u00a0\u00bb width=\u00a0\u00bb100%\u00a0\u00bb min_height=\u00a0\u00bb421.6px\u00a0\u00bb custom_padding=\u00a0\u00bb13px|||||\u00a0\u00bb global_colors_info=\u00a0\u00bb{}\u00a0\u00bb]<\/p>\n<p><strong>Dur\u00e9e :<\/strong><\/p>\n<p style=\"text-align: justify;\"><span style=\"font-size: 20px; text-align: justify;\">La dur\u00e9e du coaching se d\u00e9termine en fonction du contexte et des buts \u00e0 atteindre par la personne int\u00e9ress\u00e9e. Suite \u00e0 une s\u00e9ance de diagnostic durant laquelle le coach \u00e9value la personne int\u00e9ress\u00e9e, il \u00e9tablit une d\u00e9marche planifi\u00e9e et personnalis\u00e9e pour atteindre les objectifs souhait\u00e9s. Le coaching se produit sur une dur\u00e9e qui peut s&rsquo;\u00e9tendre de 3 \u00e0 6 mois. Le rythme des s\u00e9ances diff\u00e8re entre une fois par semaine et une fois par mois. La dur\u00e9e des s\u00e9ances est d&rsquo;habitude comprise entre une heure et deux heures.<\/span><\/p>\n<p>[\/et_pb_text][\/et_pb_column][et_pb_column type=\u00a0\u00bb1_2&Prime; _builder_version=\u00a0\u00bb4.16&Prime; _module_preset=\u00a0\u00bbdefault\u00a0\u00bb global_colors_info=\u00a0\u00bb{}\u00a0\u00bb][et_pb_text _builder_version=\u00a0\u00bb4.16&Prime; _module_preset=\u00a0\u00bbdefault\u00a0\u00bb text_font_size=\u00a0\u00bb20px\u00a0\u00bb text_line_height=\u00a0\u00bb1.8em\u00a0\u00bb min_height=\u00a0\u00bb499px\u00a0\u00bb custom_padding=\u00a0\u00bb0px|0px||||\u00a0\u00bb global_colors_info=\u00a0\u00bb{}\u00a0\u00bb]<\/p>\n<p><strong><\/strong><\/p>\n<p><strong>D\u00e9roulement :<\/strong><\/p>\n<p><span style=\"font-size: 20px; text-align: justify;\">\u00c0 partir d&rsquo;un objectif fix\u00e9 par le client , le coaching passera par quatre phases d\u00e9termin\u00e9es par des questions cl\u00e9s :<\/span><\/p>\n<ul>\n<li style=\"text-align: justify;\">Quelle est la situation pr\u00e9sente du coach\u00e9 ?<\/li>\n<li style=\"text-align: justify;\">Quel objectif veut-il atteindre dans le temps ?<\/li>\n<li style=\"text-align: justify;\">Avec quels moyens et quelles ressources ?<\/li>\n<li style=\"text-align: justify;\">Et quel plan d&rsquo;action faut il choisir pour mieux avancer ?<\/li>\n<\/ul>\n<p style=\"text-align: justify;\">Celui-ci comprenant engagements, obstacles et r\u00e9sultats. Ces quatre phases permettent de sch\u00e9matiser la d\u00e9marche \u00e0 suivre par le coach professionnel, d\u00e9finir son plan d&rsquo;actions et identifier les probl\u00e8mes \u00e0 r\u00e9soudre.<\/p>\n<p>[\/et_pb_text][\/et_pb_column][\/et_pb_row][\/et_pb_section][et_pb_section fb_built=\u00a0\u00bb1&Prime; admin_label=\u00a0\u00bbAbout\u00a0\u00bb _builder_version=\u00a0\u00bb4.16&Prime; use_background_color_gradient=\u00a0\u00bbon\u00a0\u00bb background_color_gradient_direction=\u00a0\u00bb90deg\u00a0\u00bb background_color_gradient_stops=\u00a0\u00bbrgba(240,242,246,0.5) 0%|rgba(255,255,255,0) 100%\u00a0\u00bb background_color_gradient_start=\u00a0\u00bbrgba(240,242,246,0.5)\u00a0\u00bb background_color_gradient_end=\u00a0\u00bbrgba(255,255,255,0)\u00a0\u00bb custom_margin=\u00a0\u00bb7px||-2px|||\u00a0\u00bb custom_padding=\u00a0\u00bb0px|0px|0|0px|false|false\u00a0\u00bb global_colors_info=\u00a0\u00bb{}\u00a0\u00bb][et_pb_row _builder_version=\u00a0\u00bb4.16&Prime; _module_preset=\u00a0\u00bbdefault\u00a0\u00bb min_height=\u00a0\u00bb77.2px\u00a0\u00bb custom_margin=\u00a0\u00bb14px|auto||auto||\u00a0\u00bb custom_padding=\u00a0\u00bb6px||1px|||\u00a0\u00bb global_colors_info=\u00a0\u00bb{}\u00a0\u00bb][et_pb_column type=\u00a0\u00bb4_4&Prime; _builder_version=\u00a0\u00bb4.16&Prime; _module_preset=\u00a0\u00bbdefault\u00a0\u00bb global_colors_info=\u00a0\u00bb{}\u00a0\u00bb][et_pb_text _builder_version=\u00a0\u00bb4.16&Prime; _module_preset=\u00a0\u00bbdefault\u00a0\u00bb text_text_color=\u00a0\u00bb#0C71C3&Prime; text_font_size=\u00a0\u00bb40px\u00a0\u00bb text_letter_spacing=\u00a0\u00bb4px\u00a0\u00bb text_line_height=\u00a0\u00bb1.8em\u00a0\u00bb background_color=\u00a0\u00bbRGBA(0,0,0,0)\u00a0\u00bb global_colors_info=\u00a0\u00bb{}\u00a0\u00bb]<\/p>\n<p style=\"text-align: center;\">\u00a0M\u00e9thodologie<\/p>\n<p>[\/et_pb_text][\/et_pb_column][\/et_pb_row][\/et_pb_section][et_pb_section fb_built=\u00a0\u00bb1&Prime; admin_label=\u00a0\u00bbAbout\u00a0\u00bb _builder_version=\u00a0\u00bb4.16&Prime; use_background_color_gradient=\u00a0\u00bbon\u00a0\u00bb background_color_gradient_direction=\u00a0\u00bb90deg\u00a0\u00bb background_color_gradient_stops=\u00a0\u00bbrgba(240,242,246,0.5) 0%|rgba(255,255,255,0) 100%\u00a0\u00bb background_color_gradient_start=\u00a0\u00bbrgba(240,242,246,0.5)\u00a0\u00bb background_color_gradient_end=\u00a0\u00bbrgba(255,255,255,0)\u00a0\u00bb custom_margin=\u00a0\u00bb7px||-12px|||\u00a0\u00bb custom_padding=\u00a0\u00bb0px|0px|0|0px|false|false\u00a0\u00bb global_colors_info=\u00a0\u00bb{}\u00a0\u00bb][et_pb_row column_structure=\u00a0\u00bb2_5,3_5&Prime; _builder_version=\u00a0\u00bb4.16&Prime; _module_preset=\u00a0\u00bbdefault\u00a0\u00bb min_height=\u00a0\u00bb245.2px\u00a0\u00bb custom_margin=\u00a0\u00bb14px|auto||auto||\u00a0\u00bb custom_padding=\u00a0\u00bb6px||9px|||\u00a0\u00bb global_colors_info=\u00a0\u00bb{}\u00a0\u00bb][et_pb_column type=\u00a0\u00bb2_5&Prime; _builder_version=\u00a0\u00bb4.16&Prime; _module_preset=\u00a0\u00bbdefault\u00a0\u00bb global_colors_info=\u00a0\u00bb{}\u00a0\u00bb][et_pb_image src=\u00a0\u00bbhttps:\/\/www.1pasdeplus.fr\/wp-content\/uploads\/2021\/02\/job-3790033_1280.jpg\u00a0\u00bb title_text=\u00a0\u00bbjob-3790033_1280&Prime; _builder_version=\u00a0\u00bb4.16&Prime; _module_preset=\u00a0\u00bbdefault\u00a0\u00bb global_colors_info=\u00a0\u00bb{}\u00a0\u00bb][\/et_pb_image][\/et_pb_column][et_pb_column type=\u00a0\u00bb3_5&Prime; _builder_version=\u00a0\u00bb4.16&Prime; _module_preset=\u00a0\u00bbdefault\u00a0\u00bb global_colors_info=\u00a0\u00bb{}\u00a0\u00bb][et_pb_text _builder_version=\u00a0\u00bb4.17.6&Prime; _module_preset=\u00a0\u00bbdefault\u00a0\u00bb text_font_size=\u00a0\u00bb20px\u00a0\u00bb custom_padding=\u00a0\u00bb0px|||||\u00a0\u00bb global_colors_info=\u00a0\u00bb{}\u00a0\u00bb]<\/p>\n<p><span style=\"font-size: large;\"><strong>L\u2019entretien pr\u00e9alable<\/strong><\/span><\/p>\n<p>Se rencontrer, se presenter, apprendre \u00e0 se conprendre. Cette premi\u00e8re rencontre permet de poser le cadre, comprendre les enjeux, poser toutes les questions que vous jugerez n\u00e9c\u00e9ssaires pour d\u00e9cider si je suis la bonne personne pour vous accompagner dans votre d\u00e9marche<\/p>\n<p><strong>S\u00e9ances de coaching<\/strong><\/p>\n<p>Espac\u00e9es de 1 \u00e0 2 semaine et d&rsquo;une dur\u00e9e de 1 heure, les s\u00e9ances peuvent se derouler en pr\u00e9sentiel \u00e0 Veauche, au t\u00e9l\u00e9phone ou en visio, vous choisirez la modalit\u00e9 la plus favorable pour vous. Le processus de coaching est limit\u00e9 dans le temps aussi un planning r\u00e9visable sera co-construit afin de visualiser les dates ech\u00e9ances.<\/p>\n<p><strong>Bilan interm\u00e9diaire<\/strong><\/p>\n<p>Parfois c&rsquo;est \u00e0 mi chemin que les choses s&rsquo;eclaissicent aussi, le bilan interm\u00e9diare permet de redefinir ces objectifs en les affinant ou en repensant le probl\u00e8me sous un autre angle.<\/p>\n<p><strong>Bilan final<\/strong><\/p>\n<p>Avec quoi repartez vous ? Une meilleure connaissance de soi ? De nouvelles perspectives ? Le bilan final ne veut pas necessairement dire que vous avez atteind votre objectif, vous pouvez l&rsquo;avoir d\u00e9fini plus pr\u00e9cis\u00e9ment,\u00a0 avoir valid\u00e9 un projet. Vous avez maintenant plus d&rsquo;outils pour appr\u00e9hender la suite de votre parcours.<\/p>\n<p>[\/et_pb_text][\/et_pb_column][\/et_pb_row][et_pb_row column_structure=\u00a0\u00bb2_5,3_5&Prime; _builder_version=\u00a0\u00bb4.17.6&Prime; _module_preset=\u00a0\u00bbdefault\u00a0\u00bb min_height=\u00a0\u00bb245.2px\u00a0\u00bb custom_margin=\u00a0\u00bb14px|auto||auto||\u00a0\u00bb custom_padding=\u00a0\u00bb6px||9px|||\u00a0\u00bb global_colors_info=\u00a0\u00bb{}\u00a0\u00bb][et_pb_column type=\u00a0\u00bb2_5&Prime; _builder_version=\u00a0\u00bb4.16&Prime; _module_preset=\u00a0\u00bbdefault\u00a0\u00bb global_colors_info=\u00a0\u00bb{}\u00a0\u00bb][et_pb_text _builder_version=\u00a0\u00bb4.17.6&Prime; _module_preset=\u00a0\u00bbdefault\u00a0\u00bb global_colors_info=\u00a0\u00bb{}\u00a0\u00bb]<\/p>\n<p><img loading=\"lazy\" decoding=\"async\" src=\"https:\/\/www.1pasdeplus.fr\/wp-content\/uploads\/2023\/04\/EMCC_FRANCE-300x173.jpg\" width=\"300\" height=\"173\" alt=\"\" class=\"wp-image-628 alignnone size-medium\" style=\"display: block; margin-left: auto; margin-right: auto;\" srcset=\"https:\/\/www.1pasdeplus.fr\/wp-content\/uploads\/2023\/04\/EMCC_FRANCE-300x173.jpg 300w, https:\/\/www.1pasdeplus.fr\/wp-content\/uploads\/2023\/04\/EMCC_FRANCE-400x232.jpg 400w, https:\/\/www.1pasdeplus.fr\/wp-content\/uploads\/2023\/04\/EMCC_FRANCE.jpg 403w\" sizes=\"auto, (max-width: 300px) 100vw, 300px\" \/><\/p>\n<p style=\"text-align: center;\"><strong>J&rsquo;adh\u00e8re \u00e0 L&rsquo;EMCC France <\/strong><\/p>\n<p style=\"text-align: center;\"><strong>et me conforme \u00e0 son\u00a0<a href=\"https:\/\/www.emccfrance.org\/deontologie-coach-mentors\/\" target=\"_blank\" rel=\"noopener\">code de d\u00e9ontologie<\/a>.<\/strong><\/p>\n<p>[\/et_pb_text][\/et_pb_column][et_pb_column type=\u00a0\u00bb3_5&Prime; _builder_version=\u00a0\u00bb4.16&Prime; _module_preset=\u00a0\u00bbdefault\u00a0\u00bb global_colors_info=\u00a0\u00bb{}\u00a0\u00bb][et_pb_text _builder_version=\u00a0\u00bb4.17.6&Prime; _module_preset=\u00a0\u00bbdefault\u00a0\u00bb text_font_size=\u00a0\u00bb20px\u00a0\u00bb global_colors_info=\u00a0\u00bb{}\u00a0\u00bb]<\/p>\n<p style=\"text-align: center;\"><strong>Tarifs entretiens individuels<\/strong><\/p>\n<p style=\"text-align: center;\"><strong>En Pr\u00e9sentiel ou\u00a0 En Ligne<\/strong><\/p>\n<p>1er s\u00e9ance \u00ab\u00a0Entretien pr\u00e9alable\u00a0\u00bb gratuite<\/p>\n<p>S\u00e9ance 1h : 80 euros<\/p>\n<p>Nombre de s\u00e9ances \u00e0 d\u00e9finir en fonction de l&rsquo;objectif et de l&rsquo;entretien pr\u00e9alable.<\/p>\n<p>&nbsp;<\/p>\n<p>[\/et_pb_text][\/et_pb_column][\/et_pb_row][\/et_pb_section]<\/p>\n","protected":false},"excerpt":{"rendered":"<p>Le coaching Professionnel D\u00e8s lors que vous \u00e9prouvez le besoin d\u2019\u00eatre accompagn\u00e9(e) ou \u00e9paul\u00e9(e) dans une r\u00e9flexion ou une action s\u2019inscrivant dans une dynamique de changement professionnel ou personnel, consultez un\u00a0coach certifi\u00e9\u00a0!Coaching Franchir une \u00e9tape, Aller plus loin &nbsp; Je suis dip\u00f4m\u00e9 d&rsquo;un Master 2 \u00ab\u00a0Ing\u00e9nierie et fonctions d\u2019accompagnement\u00a0\u00bb obtenu en 2018 avec \u00ab Mention [&hellip;]<\/p>\n","protected":false},"author":1,"featured_media":0,"parent":0,"menu_order":0,"comment_status":"closed","ping_status":"closed","template":"","meta":{"_et_pb_use_builder":"on","_et_pb_old_content":"","_et_gb_content_width":"","footnotes":""},"class_list":["post-175","page","type-page","status-publish","hentry"],"_links":{"self":[{"href":"https:\/\/www.1pasdeplus.fr\/index.php\/wp-json\/wp\/v2\/pages\/175","targetHints":{"allow":["GET"]}}],"collection":[{"href":"https:\/\/www.1pasdeplus.fr\/index.php\/wp-json\/wp\/v2\/pages"}],"about":[{"href":"https:\/\/www.1pasdeplus.fr\/index.php\/wp-json\/wp\/v2\/types\/page"}],"author":[{"embeddable":true,"href":"https:\/\/www.1pasdeplus.fr\/index.php\/wp-json\/wp\/v2\/users\/1"}],"replies":[{"embeddable":true,"href":"https:\/\/www.1pasdeplus.fr\/index.php\/wp-json\/wp\/v2\/comments?post=175"}],"version-history":[{"count":30,"href":"https:\/\/www.1pasdeplus.fr\/index.php\/wp-json\/wp\/v2\/pages\/175\/revisions"}],"predecessor-version":[{"id":763,"href":"https:\/\/www.1pasdeplus.fr\/index.php\/wp-json\/wp\/v2\/pages\/175\/revisions\/763"}],"wp:attachment":[{"href":"https:\/\/www.1pasdeplus.fr\/index.php\/wp-json\/wp\/v2\/media?parent=175"}],"curies":[{"name":"wp","href":"https:\/\/api.w.org\/{rel}","templated":true}]}}